{"id":33230,"date":"2023-02-21T20:13:36","date_gmt":"2023-02-21T18:13:36","guid":{"rendered":"https:\/\/stellarealestatebg.com\/gpdr-terms\/"},"modified":"2023-02-21T20:19:51","modified_gmt":"2023-02-21T18:19:51","slug":"gpdr-terms","status":"publish","type":"page","link":"https:\/\/stellarealestatebg.com\/pl\/gpdr-terms\/","title":{"rendered":"GPDR terminy"},"content":{"rendered":"\n<h1 class=\"wp-block-heading\">Polityka konfidencji<\/h1>\n\n<p>Niniejsza Polityka Prywatno\u015bci reguluje spos\u00f3b, w jaki Stella Real Estate zbiera, wykorzystuje, utrzymuje i ujawnia informacje zebrane od u\u017cytkownik\u00f3w (ka\u017cdy, &#8222;U\u017cytkownik&#8221;) strony internetowej https:\/\/stellarealestatebg.com (&#8222;Strona&#8221;). Niniejsza polityka prywatno\u015bci dotyczy Witryny oraz wszystkich produkt\u00f3w i us\u0142ug oferowanych przez Stella Nieruchomo\u015bci.<\/p>\n\n<p>\n          <strong>Osobiste informacje identyfikacyjne<\/strong>\n        <\/p>\n\n<p>Mo\u017cemy zbiera\u0107 dane osobowe od u\u017cytkownik\u00f3w na r\u00f3\u017cne sposoby w zwi\u0105zku z dzia\u0142aniami, us\u0142ugami, funkcjami lub zasobami, kt\u00f3re udost\u0119pniamy na naszej stronie. U\u017cytkownicy mog\u0105 odwiedza\u0107 nasz\u0105 Stron\u0119 anonimowo. U\u017cytkownicy mog\u0105 zawsze odm\u00f3wi\u0107 podania danych identyfikacyjnych, z tym \u017ce mo\u017ce to uniemo\u017cliwi\u0107 im wykonywanie pewnych czynno\u015bci zwi\u0105zanych z Witryn\u0105.<\/p>\n\n<p>\n          <strong>Nieosobowe informacje identyfikacyjne<\/strong>\n        <\/p>\n\n<p>Mo\u017cemy zbiera\u0107 nieosobiste informacje identyfikacyjne o u\u017cytkownikach, gdy wchodz\u0105 oni w interakcj\u0119 z nasz\u0105 stron\u0105. Nieosobowe informacje identyfikacyjne mog\u0105 obejmowa\u0107 nazw\u0119 przegl\u0105darki, typ komputera i informacje techniczne o \u015brodkach \u0142\u0105czno\u015bci U\u017cytkownika z nasz\u0105 Stron\u0105, takie jak system operacyjny i wykorzystywani dostawcy us\u0142ug internetowych oraz inne podobne informacje.<\/p>\n\n<p>\n          <strong>Pliki cookie przegl\u0105darki internetowej<\/strong>\n        <\/p>\n\n<p>Nasza Witryna mo\u017ce wykorzystywa\u0107 pliki &#8222;cookies&#8221; w celu zwi\u0119kszenia komfortu u\u017cytkowania przez U\u017cytkownika. Przegl\u0105darka internetowa u\u017cytkownika umieszcza pliki cookie na jego dysku twardym w celach ewidencyjnych, a czasami w celu \u015bledzenia informacji o nim. U\u017cytkownik mo\u017ce zdecydowa\u0107 si\u0119 na ustawienie swojej przegl\u0105darki internetowej tak, aby odrzuca\u0142a pliki cookie lub ostrzega\u0142a o wysy\u0142aniu plik\u00f3w cookie. Je\u015bli to zrobi\u0105, nale\u017cy pami\u0119ta\u0107, \u017ce niekt\u00f3re cz\u0119\u015bci Strony mog\u0105 nie dzia\u0142a\u0107 prawid\u0142owo.<\/p>\n\n<p>\n          <strong>Jak chronimy Twoje informacje<\/strong>\n        <\/p>\n\n<p>Przyjmujemy odpowiednie praktyki gromadzenia, przechowywania i przetwarzania danych oraz \u015brodki bezpiecze\u0144stwa w celu ochrony przed nieuprawnionym dost\u0119pem, zmian\u0105, ujawnieniem lub zniszczeniem danych osobowych, nazwy u\u017cytkownika, has\u0142a, informacji o transakcjach i danych przechowywanych na naszej Stronie.<\/p>\n\n<p>\n          <strong>Udost\u0119pnianie danych osobowych<\/strong>\n        <\/p>\n\n<p>Nie sprzedajemy, nie handlujemy, ani nie wypo\u017cyczamy danych osobowych u\u017cytkownik\u00f3w innym podmiotom. Mo\u017cemy udost\u0119pnia\u0107 og\u00f3lne zbiorcze informacje demograficzne niepowi\u0105zane z \u017cadnymi danymi osobowymi dotycz\u0105cymi odwiedzaj\u0105cych i u\u017cytkownik\u00f3w naszym partnerom biznesowym, zaufanym podmiotom stowarzyszonym i reklamodawcom w celach okre\u015blonych powy\u017cej.<\/p>\n\n<p>\n          <strong>Zmiany w niniejszej polityce prywatno\u015bci<\/strong>\n        <\/p>\n\n<p>Stella Nieruchomo\u015bci ma prawo do aktualizacji niniejszej polityki prywatno\u015bci w dowolnym momencie. Kiedy to zrobimy, zmienimy zaktualizowan\u0105 dat\u0119 na dole tej strony. Zach\u0119camy U\u017cytkownik\u00f3w do cz\u0119stego sprawdzania tej strony pod k\u0105tem wszelkich zmian, aby by\u0107 na bie\u017c\u0105co z tym, jak pomagamy chroni\u0107 gromadzone przez nas dane osobowe. U\u017cytkownik potwierdza i zgadza si\u0119, \u017ce jego obowi\u0105zkiem jest okresowe przegl\u0105danie niniejszej polityki prywatno\u015bci i zapoznawanie si\u0119 z jej modyfikacjami.<\/p>\n\n<p>\n          <strong>Akceptacja tych warunk\u00f3w przez u\u017cytkownika<\/strong>\n        <\/p>\n\n<p>Korzystaj\u0105c z tej Witryny, potwierdzasz swoj\u0105 akceptacj\u0119 tych zasad. Je\u015bli nie zgadzasz si\u0119 z t\u0105 polityk\u0105, prosimy nie korzysta\u0107 z naszej Witryny. Dalsze korzystanie z Witryny po zamieszczeniu zmian w tej polityce b\u0119dzie uznane za akceptacj\u0119 tych zmian.<\/p>\n","protected":false},"excerpt":{"rendered":"<p>Polityka konfidencji Niniejsza Polityka Prywatno\u015bci reguluje spos\u00f3b, w jaki Stella Real Estate zbiera, wykorzystuje, utrzymuje i ujawnia informacje zebrane od u\u017cytkownik\u00f3w (ka\u017cdy, &#8222;U\u017cytkownik&#8221;) strony internetowej https:\/\/stellarealestatebg.com (&#8222;Strona&#8221;). Niniejsza polityka prywatno\u015bci dotyczy Witryny oraz wszystkich produkt\u00f3w i us\u0142ug oferowanych przez Stella Nieruchomo\u015bci. Osobiste informacje identyfikacyjne Mo\u017cemy zbiera\u0107 dane osobowe od u\u017cytkownik\u00f3w na r\u00f3\u017cne sposoby w zwi\u0105zku z dzia\u0142aniami, us\u0142ugami, funkcjami lub zasobami, kt\u00f3re udost\u0119pniamy na &#8230;<\/p>\n","protected":false},"author":6,"featured_media":0,"parent":0,"menu_order":0,"comment_status":"closed","ping_status":"closed","template":"page-templates\/gdpr_terms.php","meta":{"_acf_changed":false,"inline_featured_image":false,"footnotes":""},"class_list":["post-33230","page","type-page","status-publish","hentry"],"acf":[],"_links":{"self":[{"href":"https:\/\/stellarealestatebg.com\/pl\/wp-json\/wp\/v2\/pages\/33230","targetHints":{"allow":["GET"]}}],"collection":[{"href":"https:\/\/stellarealestatebg.com\/pl\/wp-json\/wp\/v2\/pages"}],"about":[{"href":"https:\/\/stellarealestatebg.com\/pl\/wp-json\/wp\/v2\/types\/page"}],"author":[{"embeddable":true,"href":"https:\/\/stellarealestatebg.com\/pl\/wp-json\/wp\/v2\/users\/6"}],"replies":[{"embeddable":true,"href":"https:\/\/stellarealestatebg.com\/pl\/wp-json\/wp\/v2\/comments?post=33230"}],"version-history":[{"count":1,"href":"https:\/\/stellarealestatebg.com\/pl\/wp-json\/wp\/v2\/pages\/33230\/revisions"}],"predecessor-version":[{"id":33231,"href":"https:\/\/stellarealestatebg.com\/pl\/wp-json\/wp\/v2\/pages\/33230\/revisions\/33231"}],"wp:attachment":[{"href":"https:\/\/stellarealestatebg.com\/pl\/wp-json\/wp\/v2\/media?parent=33230"}],"curies":[{"name":"wp","href":"https:\/\/api.w.org\/{rel}","templated":true}]}}