{"id":32172,"date":"2014-05-26T15:12:56","date_gmt":"2014-05-26T13:12:56","guid":{"rendered":"https:\/\/stellarealestatebg.com\/strona-z-lista-agentow\/"},"modified":"2023-02-17T19:46:02","modified_gmt":"2023-02-17T17:46:02","slug":"our-agents","status":"publish","type":"page","link":"https:\/\/stellarealestatebg.com\/pl\/our-agents\/","title":{"rendered":"Strona z list\u0105 agent\u00f3w"},"content":{"rendered":"<p>At Stella Real Estate, we&#8217;re a small yet highly effective lettings and sales agency. While we may not have the scale of larger agencies, we&#8217;re proud to offer the same level of exposure, knowledge, and expertise that you&#8217;d expect from them. What sets us apart is our unwavering commitment to providing personalized service that&#8217;s tailored to our clients and tenants.  <\/p>\n<p>Bez wzgl\u0119du na to, czy szukasz nieruchomo\u015bci do kupienia czy wynaj\u0119cia w Bu\u0142garii, czynimy ten proces \u0142atwym i efektywnym, pomagaj\u0105c Ci znale\u017a\u0107 Tw\u00f3j wymarzony dom w ci\u0105gu zaledwie kilku sekund.<\/p>\n","protected":false},"excerpt":{"rendered":"<p>At Stella Real Estate, we&#8217;re a small yet highly effective lettings and sales agency. While we may not have the scale of larger agencies, we&#8217;re proud to offer the same level of exposure, knowledge, and expertise that you&#8217;d expect from them. What sets us apart is our unwavering commitment to providing personalized service that&#8217;s tailored to our clients and tenants. Bez wzgl\u0119du na to, &#8230;<\/p>\n","protected":false},"author":6,"featured_media":0,"parent":0,"menu_order":0,"comment_status":"open","ping_status":"open","template":"page-templates\/agents_list.php","meta":{"_acf_changed":false,"inline_featured_image":false,"footnotes":""},"class_list":["post-32172","page","type-page","status-publish","hentry"],"acf":[],"_links":{"self":[{"href":"https:\/\/stellarealestatebg.com\/pl\/wp-json\/wp\/v2\/pages\/32172","targetHints":{"allow":["GET"]}}],"collection":[{"href":"https:\/\/stellarealestatebg.com\/pl\/wp-json\/wp\/v2\/pages"}],"about":[{"href":"https:\/\/stellarealestatebg.com\/pl\/wp-json\/wp\/v2\/types\/page"}],"author":[{"embeddable":true,"href":"https:\/\/stellarealestatebg.com\/pl\/wp-json\/wp\/v2\/users\/6"}],"replies":[{"embeddable":true,"href":"https:\/\/stellarealestatebg.com\/pl\/wp-json\/wp\/v2\/comments?post=32172"}],"version-history":[{"count":2,"href":"https:\/\/stellarealestatebg.com\/pl\/wp-json\/wp\/v2\/pages\/32172\/revisions"}],"predecessor-version":[{"id":33158,"href":"https:\/\/stellarealestatebg.com\/pl\/wp-json\/wp\/v2\/pages\/32172\/revisions\/33158"}],"wp:attachment":[{"href":"https:\/\/stellarealestatebg.com\/pl\/wp-json\/wp\/v2\/media?parent=32172"}],"curies":[{"name":"wp","href":"https:\/\/api.w.org\/{rel}","templated":true}]}}